{"id":18,"date":"2025-07-02T10:46:48","date_gmt":"2025-07-02T10:46:48","guid":{"rendered":"https:\/\/lavanderiamostolesopenwash.com\/?page_id=13"},"modified":"2025-07-02T10:46:48","modified_gmt":"2025-07-02T10:46:48","slug":"aviso-legal","status":"publish","type":"page","link":"https:\/\/pablobernal.es\/en\/aviso-legal\/","title":{"rendered":"Legal notice"},"content":{"rendered":"<h2 class=\"wp-block-heading\">Propiedad intelectual<\/h2>\n\n\n\n<p>Todos los contenidos presentes en este sitio web, incluyendo pero no limitado a textos, gr\u00e1ficos, logotipos, im\u00e1genes, clips de audio, clips de video, descargas digitales y software, est\u00e1n protegidos por las leyes de propiedad intelectual y son propiedad exclusiva de\u00a0<strong><strong>{site_title}<\/strong><\/strong>\u00a0o de terceros que han autorizado su uso. Queda terminantemente prohibida la reproducci\u00f3n, distribuci\u00f3n, modificaci\u00f3n o cualquier otro uso no autorizado de estos contenidos sin el consentimiento expreso por escrito de\u00a0<strong><strong>{site_title}<\/strong>.<\/strong><\/p>\n\n\n\n<h2 class=\"wp-block-heading\">Enlaces externos<\/h2>\n\n\n\n<p>Este sitio web puede contener enlaces a otros sitios web externos que son proporcionados \u00fanicamente como referencia o para tu conveniencia. No tenemos control sobre el contenido de estos sitios web externos y no nos responsabilizamos de su exactitud, seguridad o integridad. Al hacer clic en estos enlaces, abandonas nuestro sitio web y est\u00e1s sujeto\/a a los t\u00e9rminos y condiciones de los sitios web externos correspondientes.<\/p>\n\n\n\n<h2 class=\"wp-block-heading\">Responsabilidad<\/h2>\n\n\n\n<p>Nos esforzamos por mantener la informaci\u00f3n presentada en este sitio web actualizada y precisa. Sin embargo, no ofrecemos garant\u00edas ni representaciones de ninguna \u00edndole, expresas o impl\u00edcitas, sobre la exactitud, la adecuaci\u00f3n, la confiabilidad o la disponibilidad de la informaci\u00f3n, productos, servicios o gr\u00e1ficos relacionados que se encuentran en el sitio web. En ning\u00fan caso seremos responsables por cualquier p\u00e9rdida o da\u00f1o, incluyendo pero no limitado a p\u00e9rdida de datos, interrupci\u00f3n del negocio o da\u00f1os directos, indirectos, especiales, consecuentes o punitivos que surjan del uso o la imposibilidad de uso de este sitio web.<\/p>\n\n\n\n<h2 class=\"wp-block-heading\">Privacidad<\/h2>\n\n\n\n<p>Nuestra pol\u00edtica de privacidad describe c\u00f3mo recopilamos, utilizamos y protegemos la informaci\u00f3n personal que puedas proporcionarnos a trav\u00e9s de este sitio web. Al utilizar este sitio web, aceptas que tu informaci\u00f3n personal sea recopilada y utilizada de acuerdo con nuestra pol\u00edtica de privacidad.<\/p>\n\n\n\n<h2 class=\"wp-block-heading\">Modificaciones<\/h2>\n\n\n\n<p>Nos reservamos el derecho de modificar estos t\u00e9rminos y condiciones en cualquier momento y sin previo aviso. Te recomendamos que revises regularmente esta p\u00e1gina para estar al tanto de cualquier cambio. Al continuar utilizando este sitio web despu\u00e9s de la publicaci\u00f3n de los cambios, aceptas los t\u00e9rminos y condiciones actualizados.<\/p>\n\n\n\n<p>Si tienes alguna pregunta o inquietud sobre estos t\u00e9rminos y condiciones, por favor cont\u00e1ctanos a trav\u00e9s de los medios proporcionados en nuestro sitio web.<\/p>","protected":false},"excerpt":{"rendered":"<p>Propiedad intelectual Todos los contenidos presentes en este sitio web, incluyendo pero no limitado a textos, gr\u00e1ficos, logotipos, im\u00e1genes, clips de audio, clips de video, descargas digitales y software, est\u00e1n protegidos por las leyes de propiedad intelectual y son propiedad exclusiva de\u00a0{site_title}\u00a0o de terceros que han autorizado su uso. Queda terminantemente prohibida la reproducci\u00f3n, distribuci\u00f3n, [&hellip;]<\/p>","protected":false},"author":1,"featured_media":0,"parent":0,"menu_order":0,"comment_status":"closed","ping_status":"closed","template":"","meta":{"_acf_changed":false,"footnotes":""},"class_list":["post-18","page","type-page","status-publish","hentry"],"acf":[],"_links":{"self":[{"href":"https:\/\/pablobernal.es\/en\/wp-json\/wp\/v2\/pages\/18","targetHints":{"allow":["GET"]}}],"collection":[{"href":"https:\/\/pablobernal.es\/en\/wp-json\/wp\/v2\/pages"}],"about":[{"href":"https:\/\/pablobernal.es\/en\/wp-json\/wp\/v2\/types\/page"}],"author":[{"embeddable":true,"href":"https:\/\/pablobernal.es\/en\/wp-json\/wp\/v2\/users\/1"}],"replies":[{"embeddable":true,"href":"https:\/\/pablobernal.es\/en\/wp-json\/wp\/v2\/comments?post=18"}],"version-history":[{"count":0,"href":"https:\/\/pablobernal.es\/en\/wp-json\/wp\/v2\/pages\/18\/revisions"}],"wp:attachment":[{"href":"https:\/\/pablobernal.es\/en\/wp-json\/wp\/v2\/media?parent=18"}],"curies":[{"name":"wp","href":"https:\/\/api.w.org\/{rel}","templated":true}]}}