{"id":33,"date":"2025-07-02T11:35:36","date_gmt":"2025-07-02T11:35:36","guid":{"rendered":"https:\/\/lavanderiamostolesopenwash.com\/?page_id=33"},"modified":"2025-07-02T11:35:36","modified_gmt":"2025-07-02T11:35:36","slug":"politicas-de-privacidad","status":"publish","type":"page","link":"https:\/\/pablobernal.es\/en\/politicas-de-privacidad\/","title":{"rendered":"Privacy policies"},"content":{"rendered":"<p><strong>\u00daltima actualizaci\u00f3n: 02-Jul-2025<br>Fecha de entrada en vigor: 02-Jul-2025<\/strong><\/p>\n\n\n\n<p>Esta Pol\u00edtica de Privacidad describe las pol\u00edticas de <strong>{site_title}, Direcci\u00f3n Cambiar, Madrid 777777, Espa\u00f1a,<\/strong> correo electr\u00f3nico: <strong>{author_email}<\/strong>, tel\u00e9fono: <strong>99999999<\/strong> sobre la recopilaci\u00f3n, el uso y la divulgaci\u00f3n de la informaci\u00f3n que recopilamos al utilizar nuestro sitio web (<strong>{site_url}<\/strong>) (el \u00abServicio\u00bb). Al acceder o utilizar el Servicio, usted consiente la recopilaci\u00f3n, el uso y la divulgaci\u00f3n de su informaci\u00f3n de acuerdo con esta Pol\u00edtica de Privacidad. Si no consiente, le rogamos que no acceda ni utilice el Servicio.<\/p>\n\n\n\n<p>Podemos modificar esta Pol\u00edtica de Privacidad en cualquier momento sin previo aviso y publicaremos la Pol\u00edtica de Privacidad revisada en el Servicio. La Pol\u00edtica revisada entrar\u00e1 en vigor 180 d\u00edas despu\u00e9s de su publicaci\u00f3n en el Servicio, y su acceso o uso continuado del Servicio despu\u00e9s de dicho plazo constituir\u00e1 su aceptaci\u00f3n de la Pol\u00edtica de Privacidad revisada. Por lo tanto, le recomendamos que revise esta p\u00e1gina peri\u00f3dicamente.<\/p>\n\n\n\n<h2 class=\"wp-block-heading\">Sus derechos:<\/h2>\n\n\n\n<p>Dependiendo de la legislaci\u00f3n aplicable, usted puede tener derecho a acceder, rectificar o eliminar sus datos personales, o a recibir una copia de los mismos, restringir u oponerse al tratamiento activo de sus datos, solicitarnos que compartamos (portemos) su informaci\u00f3n personal con otra entidad, retirar el consentimiento que nos haya proporcionado para el tratamiento de sus datos, el derecho a presentar una reclamaci\u00f3n ante una autoridad legal y cualquier otro derecho que pueda ser pertinente seg\u00fan la legislaci\u00f3n aplicable. Para ejercer estos derechos, puede escribirnos a <strong><strong>{author_email}<\/strong>.<\/strong> Responderemos a su solicitud de conformidad con la legislaci\u00f3n aplicable.<br>Tenga en cuenta que si no nos permite recopilar o tratar la informaci\u00f3n personal requerida o retira el consentimiento para su tratamiento para los fines requeridos, es posible que no pueda acceder ni utilizar los servicios para los que se solicit\u00f3 su informaci\u00f3n. Cookies, etc.<\/p>\n\n\n\n<p>Para obtener m\u00e1s informaci\u00f3n sobre c\u00f3mo las utilizamos y sus opciones en relaci\u00f3n con estas tecnolog\u00edas de seguimiento, consulte nuestra Pol\u00edtica de Cookies.<\/p>\n\n\n\n<h2 class=\"wp-block-heading\">Seguridad:<\/h2>\n\n\n\n<p>La seguridad de su informaci\u00f3n es importante para nosotros y aplicaremos medidas de seguridad razonables para evitar la p\u00e9rdida, el uso indebido o la alteraci\u00f3n no autorizada de la informaci\u00f3n que controlamos. Sin embargo, dados los riesgos inherentes, no podemos garantizar una seguridad absoluta y, en consecuencia, no podemos asegurar ni garantizar la seguridad de la informaci\u00f3n que nos transmita, y usted lo hace bajo su propia responsabilidad.<\/p>\n\n\n\n<h2 class=\"wp-block-heading\">Reclamaciones\/Delegado de Protecci\u00f3n de Datos:<\/h2>\n\n\n\n<p>Si tiene alguna pregunta o inquietud sobre el procesamiento de su informaci\u00f3n que tenemos a su disposici\u00f3n, puede enviar un correo electr\u00f3nico a nuestro Delegado de Quejas a Lavanderiamostoleso, Direcci\u00f3n Cambar, o enviar un correo electr\u00f3nico a <strong><strong>{author_email}<\/strong><\/strong>. Atenderemos sus inquietudes de acuerdo con la legislaci\u00f3n aplicable.<\/p>\n\n\n\n<p><\/p>","protected":false},"excerpt":{"rendered":"<p>\u00daltima actualizaci\u00f3n: 02-Jul-2025Fecha de entrada en vigor: 02-Jul-2025 Esta Pol\u00edtica de Privacidad describe las pol\u00edticas de {site_title}, Direcci\u00f3n Cambiar, Madrid 777777, Espa\u00f1a, correo electr\u00f3nico: {author_email}, tel\u00e9fono: 99999999 sobre la recopilaci\u00f3n, el uso y la divulgaci\u00f3n de la informaci\u00f3n que recopilamos al utilizar nuestro sitio web ({site_url}) (el \u00abServicio\u00bb). Al acceder o utilizar el Servicio, usted [&hellip;]<\/p>","protected":false},"author":1,"featured_media":0,"parent":0,"menu_order":0,"comment_status":"closed","ping_status":"closed","template":"","meta":{"_acf_changed":false,"footnotes":""},"class_list":["post-33","page","type-page","status-publish","hentry"],"acf":[],"_links":{"self":[{"href":"https:\/\/pablobernal.es\/en\/wp-json\/wp\/v2\/pages\/33","targetHints":{"allow":["GET"]}}],"collection":[{"href":"https:\/\/pablobernal.es\/en\/wp-json\/wp\/v2\/pages"}],"about":[{"href":"https:\/\/pablobernal.es\/en\/wp-json\/wp\/v2\/types\/page"}],"author":[{"embeddable":true,"href":"https:\/\/pablobernal.es\/en\/wp-json\/wp\/v2\/users\/1"}],"replies":[{"embeddable":true,"href":"https:\/\/pablobernal.es\/en\/wp-json\/wp\/v2\/comments?post=33"}],"version-history":[{"count":0,"href":"https:\/\/pablobernal.es\/en\/wp-json\/wp\/v2\/pages\/33\/revisions"}],"wp:attachment":[{"href":"https:\/\/pablobernal.es\/en\/wp-json\/wp\/v2\/media?parent=33"}],"curies":[{"name":"wp","href":"https:\/\/api.w.org\/{rel}","templated":true}]}}